{"id":559,"date":"2023-01-06T15:14:01","date_gmt":"2023-01-06T15:14:01","guid":{"rendered":"https:\/\/www.sucamec.gob.pe\/sucamec\/?page_id=559"},"modified":"2023-03-24T21:11:29","modified_gmt":"2023-03-24T21:11:29","slug":"agenda-sn-2023","status":"publish","type":"page","link":"https:\/\/www.sucamec.gob.pe\/sucamec\/index.php\/agenda-sn-2023\/","title":{"rendered":"Agenda SN &#8211; 2023"},"content":{"rendered":"\n<figure class=\"wp-block-table\"><table><tbody><tr><td>Fecha<\/td><td>Inicio<\/td><td>Fin<\/td><td>T\u00edtulo<\/td><td>Descripci\u00f3n<\/td><td>Lugar<\/td><\/tr><tr><td>21\/03\/2023<\/td><td>12:00<\/td><td>1:00<\/td><td>Capacitaci\u00f3n <\/td><td>El superintendente nacional, Gral PNP (r) Te\u00f3filo Mari\u00f1o Cahuana, particip\u00f3 en capacitaci\u00f3n sobre la Ley N\u00b031227. <\/td><td>Capacitaci\u00f3n virtual <\/td><\/tr><tr><td>21\/03\/2023<\/td><td>10:00<\/td><td>11:00<\/td><td>Reuni\u00f3n<\/td><td>El superintendente nacional, Gral PNP (r) Te\u00f3filo Mari\u00f1o Cahuana, particip\u00f3 en la reunic\u00f3n con con el congresista, Hernando Guerra-Garc\u00eda Campos, sobre la Ley N \u00b031694 que establece el empadronamiento y amnist\u00eda de&nbsp;armas de fuego.<br><\/td><td>Superintendencia<\/td><\/tr><tr><td>15\/03\/2023<\/td><td>10:00<\/td><td>11:00<\/td><td>Reuni\u00f3n <\/td><td>El superintendente nacional, Gral PNP (r) Te\u00f3filo Mari\u00f1o Cahuana, particip\u00f3 en la reuni\u00f3n del Grupo de Trabajo para la Gesti\u00f3n de Riesgo de Desastres del Sector Interior. <\/td><td>Ministerio del Interior<\/td><\/tr><tr><td>15\/03\/2023<\/td><td>8:00<\/td><td>9:30<\/td><td><\/td><td>El superintendente nacional, Gral PNP (r) Te\u00f3filo Mari\u00f1o Cahuana, particip\u00f3 en la reunic\u00f3n con los Gerentes de l\u00ednea, Intendentes y Jefes Zonales. <\/td><td>Reuni\u00f3n virtual <\/td><\/tr><tr><td>13\/03\/2023<\/td><td>10:00<\/td><td>11:00<\/td><td>Reuni\u00f3n<\/td><td>El superintendente nacional, Gral PNP (r) Te\u00f3filo Mari\u00f1o Cahuana, particip\u00f3 en la reuni\u00f3n de trabajo con la Directora Ejecutiva de Anmac de Argentina. <\/td><td>Superintendencia<\/td><\/tr><tr><td>08\/03\/2023<\/td><td>4:00<\/td><td>4:30<\/td><td>Actividad <\/td><td>El superintendente nacional, Gral PNP (r) Te\u00f3filo Mari\u00f1o Cahuana, particip\u00f3 en la actividad del d\u00eda de la Mujer en Sucamec. <\/td><td>Auditorio <\/td><\/tr><tr><td>07\/03\/2023<\/td><td>10:00<\/td><td>13:00<\/td><td>Actividad de fundici\u00f3n de armas de fuego <\/td><td>El superintendente nacional, Gral PNP (r) Te\u00f3filo Mari\u00f1o Cahuana, particip\u00f3 en la actividad de destrucci\u00f3n de 9.5 toneladas de armas de fuego. <\/td><td>Sider peru \/ Chimbote<\/td><\/tr><tr><td>06\/03\/2023<\/td><td>10:00<\/td><td>11:00<\/td><td>Reuni\u00f3n<\/td><td>El superintendente nacional, Gral PNP (r) Te\u00f3filo Mari\u00f1o Cahuana, sostuvo una reuni\u00f3n con representantes del consejo directivo de Sucamec. <\/td><td>Superintendencia<\/td><\/tr><tr><td>02\/03\/2023<\/td><td>10:30<\/td><td>11:00<\/td><td>Charla de corrupci\u00f3n <\/td><td>El superintendente nacional, Gral PNP (r) Te\u00f3filo Mari\u00f1o Cahuana, particip\u00f3 en la charla de corrupci\u00f3n, impartida por la Mayor PNP Erika Petronila Mayhua Rivera, especialista de la Direcci\u00f3n contra la Corrupci\u00f3n de la Polic\u00eda Nacional del Per\u00fa.<\/td><td>Auditorio de sucamec <\/td><\/tr><tr><td>02\/03\/2023<\/td><td>09:00<\/td><td>10:00<\/td><td><br>Reuni\u00f3n <\/td><td>El superintendente nacional, Gral PNP (r) Te\u00f3filo Mari\u00f1o Cahuana, sostuvo una reuni\u00f3n con representantes de las empresas de seguridad privada sobre el reglamento de la norma vigente. <\/td><td>Superintendencia<\/td><\/tr><tr><td>17\/02\/2023<\/td><td>09:00<\/td><td>12:00<\/td><td>Reuni\u00f3n de coordinaci\u00f3n con el gerente general de FAME, Cnel. EP Marco Vega.<\/td><td>El superintendente nacional, Gral PNP (r) Te\u00f3filo Mari\u00f1o Cahuana, sostuvo una reuni\u00f3n de coordinaci\u00f3n con el gerente general de FAME, Cnel. EP Marco Vega.<\/td><td>Fame <\/td><\/tr><tr><td>15\/02\/2023<\/td><td>10:00<\/td><td>12:00<\/td><td>Reuni\u00f3n de coordinaci\u00f3n con el de Superintendencia Nacional de Migraciones del Per\u00fa, Armando Garc\u00eda. <\/td><td>El superintendente nacional, Gral PNP (r) Te\u00f3filo Mari\u00f1o Cahuana, sostuvo una reuni\u00f3n de coordinaci\u00f3n con el Superintendencia Nacional de Migraciones del Per\u00fa, Armando Garc\u00eda. <\/td><td>Superintendencia de Migraciones<\/td><\/tr><tr><td>03\/02\/2023<\/td><td>10:00<\/td><td>11:30<\/td><td>Reuni\u00f3n de coordinaci\u00f3n con congresista Jorge Luis Flores Ancachi.<\/td><td>El superintendente nacional, Gral PNP (r) Te\u00f3filo Mari\u00f1o Cahuana, sostuvo una reuni\u00f3n de coordinaci\u00f3n con el congresista Jorge Luis Flores Ancachi.<\/td><td>Superintendencia<\/td><\/tr><tr><td>02\/02\/2023<\/td><td>11:00<\/td><td>12:00<\/td><td>Reuni\u00f3n de coordinaci\u00f3n con el gobernador regional del Callao, Dr. Ciro Castillo Rojo Salas<\/td><td>El superintendente nacional, Gral PNP (r) Te\u00f3filo Mari\u00f1o Cahuana, sostuvo una reuni\u00f3n de coordinaci\u00f3n con el  gobernador regional del Callao, Dr. Ciro Castillo Rojo Salas<\/td><td>Gobierno Regional del Callao <\/td><\/tr><tr><td>24\/01\/2023<\/td><td>10:00<\/td><td>11:30<\/td><td>Firma de convenio con el INPE. <\/td><td> El superintendente nacional, Gral PNP (r) Te\u00f3filo Mari\u00f1o Cahuana, particip\u00f3 en la suscripci\u00f3n del Convenio de Cooperaci\u00f3n Interinstitucional entre la Sucamec y el INPE.<\/td><td>Sede central del INPE<\/td><\/tr><tr><td>19\/01\/2023<\/td><td>11:00<\/td><td>12:00<\/td><td>Reuni\u00f3n de coordinaci\u00f3n con congresista Susel Paredes Piqu\u00e9.<\/td><td>El superintendente nacional, Gral PNP (r) Te\u00f3filo Mari\u00f1o Cahuana, sostuvo una reuni\u00f3n de coordinaci\u00f3n con la congresista Susel Paredes Piqu\u00e9.<\/td><td>Superintendencia<\/td><\/tr><tr><td>12\/01\/2023<\/td><td>11:00<\/td><td>12:00<\/td><td>Reuni\u00f3n de coordinaci\u00f3n con congresista Rosio Torres. <\/td><td>El superintendente nacional, Gral PNP (r) Te\u00f3filo Mari\u00f1o Cahuana, sostuvo una reuni\u00f3n de coordinaci\u00f3n con la congresista Rosio Torres Salinas.  <\/td><td>Superintendencia<\/td><\/tr><tr><td>12\/01\/2023<\/td><td>10:00<br><\/td><td>11:00<\/td><td><br>Reuni\u00f3n de coordinaci\u00f3n con el INPE.<\/td><td>El superintendente nacional, Gral PNP (r) Te\u00f3filo Mari\u00f1o Cahuana, particip\u00f3 en una reuni\u00f3n de coordinaci\u00f3n con autoridades del INPE.<\/td><td>Superintendencia<\/td><\/tr><\/tbody><\/table><\/figure>\n","protected":false},"excerpt":{"rendered":"<p>Fecha Inicio Fin T\u00edtulo Descripci\u00f3n Lugar 21\/03\/2023 12:00 1:00 Capacitaci\u00f3n El superintendente nacional, Gral PNP (r) Te\u00f3filo Mari\u00f1o Cahuana, particip\u00f3 en capacitaci\u00f3n sobre la Ley [&#8230;]<\/p>\n","protected":false},"author":2,"featured_media":0,"parent":0,"menu_order":0,"comment_status":"closed","ping_status":"closed","template":"template-fullwidth.php","meta":[],"_links":{"self":[{"href":"https:\/\/www.sucamec.gob.pe\/sucamec\/index.php\/wp-json\/wp\/v2\/pages\/559"}],"collection":[{"href":"https:\/\/www.sucamec.gob.pe\/sucamec\/index.php\/wp-json\/wp\/v2\/pages"}],"about":[{"href":"https:\/\/www.sucamec.gob.pe\/sucamec\/index.php\/wp-json\/wp\/v2\/types\/page"}],"author":[{"embeddable":true,"href":"https:\/\/www.sucamec.gob.pe\/sucamec\/index.php\/wp-json\/wp\/v2\/users\/2"}],"replies":[{"embeddable":true,"href":"https:\/\/www.sucamec.gob.pe\/sucamec\/index.php\/wp-json\/wp\/v2\/comments?post=559"}],"version-history":[{"count":11,"href":"https:\/\/www.sucamec.gob.pe\/sucamec\/index.php\/wp-json\/wp\/v2\/pages\/559\/revisions"}],"predecessor-version":[{"id":650,"href":"https:\/\/www.sucamec.gob.pe\/sucamec\/index.php\/wp-json\/wp\/v2\/pages\/559\/revisions\/650"}],"wp:attachment":[{"href":"https:\/\/www.sucamec.gob.pe\/sucamec\/index.php\/wp-json\/wp\/v2\/media?parent=559"}],"curies":[{"name":"wp","href":"https:\/\/api.w.org\/{rel}","templated":true}]}}